{"id":57,"date":"2015-08-17T11:48:43","date_gmt":"2015-08-17T10:48:43","guid":{"rendered":"http:\/\/www.groupe1000picardie.fr\/wp-G1000\/?page_id=57"},"modified":"2022-08-25T12:36:13","modified_gmt":"2022-08-25T11:36:13","slug":"actionnaires","status":"publish","type":"page","link":"http:\/\/www.groupe1000picardie.fr\/wp-G1000\/actionnaires\/","title":{"rendered":"Actionnaires"},"content":{"rendered":"<p>Tous les actionnaires sont des PME qui travaillent avec le GROUPE 1000 sur des chantiers de b\u00e2timent d&rsquo;habitation et industriel, en neuf ou en r\u00e9novation.<\/p>\n<p><a href=\"http:\/\/www.groupe1000picardie.fr\/wp-G1000\/wp-content\/uploads\/2017\/06\/carrelage-1.png\"><img class=\"aligncenter size-full wp-image-476\">&#8211; Carrelage<\/a><br \/>\n<a href=\"http:\/\/www.groupe1000picardie.fr\/wp-G1000\/wp-content\/uploads\/2017\/06\/charpente-bois.png\"><img class=\"aligncenter size-full wp-image-476\">&#8211; Charpente bois<\/a><br \/>\n<a href=\"http:\/\/www.groupe1000picardie.fr\/wp-G1000\/wp-content\/uploads\/2017\/06\/charpente_metal.png\"><img class=\"aligncenter size-full wp-image-476\">&#8211; Charpente m\u00e9tallique<\/a><br \/>\n<a href=\"http:\/\/www.groupe1000picardie.fr\/wp-G1000\/wp-content\/uploads\/2017\/06\/couverture.png\"><img class=\"aligncenter size-full wp-image-476\">&#8211; Couverture<\/a><br \/>\n<a href=\"http:\/\/www.groupe1000picardie.fr\/wp-G1000\/wp-content\/uploads\/2017\/06\/electricite.png\"><img class=\"aligncenter size-full wp-image-476\">&#8211; Electricit\u00e9<\/a><br \/>\n<a href=\"http:\/\/www.groupe1000picardie.fr\/wp-G1000\/wp-content\/uploads\/2017\/06\/etancheite.png\"><img class=\"aligncenter size-full wp-image-476\">&#8211; Etanch\u00e9it\u00e9<\/a><br \/>\n<a href=\"http:\/\/www.groupe1000picardie.fr\/wp-G1000\/wp-content\/uploads\/2017\/06\/faux_plaf.png\"><img class=\"aligncenter size-full wp-image-476\">&#8211; Faux plafonds<\/a><br \/>\n<a href=\"http:\/\/www.groupe1000picardie.fr\/wp-G1000\/wp-content\/uploads\/2017\/06\/gros_oeuvre.png\"><img class=\"aligncenter size-full wp-image-476\">&#8211; Gros \u0153uvre<\/a><br \/>\n<a href=\"http:\/\/www.groupe1000picardie.fr\/wp-G1000\/wp-content\/uploads\/2017\/06\/isolation_thermique.png\"><img class=\"aligncenter size-full wp-image-476\">&#8211; Isolation thermique<\/a><br \/>\n<a href=\"http:\/\/www.groupe1000picardie.fr\/wp-G1000\/wp-content\/uploads\/2017\/06\/menuis_exterieur.png\"><img class=\"aligncenter size-full wp-image-476\">&#8211; Menuiserie ext\u00e9rieure<\/a><br \/>\n<a href=\"http:\/\/www.groupe1000picardie.fr\/wp-G1000\/wp-content\/uploads\/2017\/06\/menuis_int.png\"><img class=\"aligncenter size-full wp-image-476\">&#8211; Menuiserie int\u00e9rieure<\/a><br \/>\n<a href=\"http:\/\/www.groupe1000picardie.fr\/wp-G1000\/wp-content\/uploads\/2017\/06\/occultation.png\"><img class=\"aligncenter size-full wp-image-476\">&#8211; Occultation<\/a><br \/>\n<a href=\"http:\/\/www.groupe1000picardie.fr\/wp-G1000\/wp-content\/uploads\/2017\/06\/peinture.png\"><img class=\"aligncenter size-full wp-image-476\">&#8211; Peinture<\/a><br \/>\n<a href=\"http:\/\/www.groupe1000picardie.fr\/wp-G1000\/wp-content\/uploads\/2017\/06\/platrerie.png\"><img class=\"aligncenter size-full wp-image-476\">&#8211; Pl\u00e2trerie<\/a><br \/>\n<a href=\"http:\/\/www.groupe1000picardie.fr\/wp-G1000\/wp-content\/uploads\/2017\/06\/plomberie.png\"><img class=\"aligncenter size-full wp-image-476\">&#8211; Plomberie<\/a><br \/>\n<a href=\"http:\/\/www.groupe1000picardie.fr\/wp-G1000\/wp-content\/uploads\/2017\/06\/serrurerie.png\"><img class=\"aligncenter size-full wp-image-476\">&#8211; Serrurerie<\/a><br \/>\n<a href=\"http:\/\/www.groupe1000picardie.fr\/wp-G1000\/wp-content\/uploads\/2017\/06\/sol_souple.png\"><img class=\"aligncenter size-full wp-image-476\">&#8211; Sol souple<\/a><\/p>\n","protected":false},"excerpt":{"rendered":"<p>Tous les actionnaires sont des PME qui travaillent avec le GROUPE 1000 sur des chantiers de b\u00e2timent d&rsquo;habitation et industriel, en neuf ou en r\u00e9novation. &#8211; Carrelage &#8211; Charpente bois &#8211; Charpente m\u00e9tallique &#8211; Couverture &#8211; Electricit\u00e9 &#8211; Etanch\u00e9it\u00e9 &#8211; Faux plafonds &#8211; Gros \u0153uvre &#8211; Isolation thermique &#8211; Menuiserie \u2026 <a class=\"continue-reading-link\" href=\"http:\/\/www.groupe1000picardie.fr\/wp-G1000\/actionnaires\/\"> Continue reading <span class=\"meta-nav\">&rarr; <\/span><\/a><\/p>\n","protected":false},"author":1,"featured_media":0,"parent":0,"menu_order":0,"comment_status":"closed","ping_status":"closed","template":"","meta":{"footnotes":""},"class_list":["post-57","page","type-page","status-publish","hentry"],"_links":{"self":[{"href":"http:\/\/www.groupe1000picardie.fr\/wp-G1000\/wp-json\/wp\/v2\/pages\/57","targetHints":{"allow":["GET"]}}],"collection":[{"href":"http:\/\/www.groupe1000picardie.fr\/wp-G1000\/wp-json\/wp\/v2\/pages"}],"about":[{"href":"http:\/\/www.groupe1000picardie.fr\/wp-G1000\/wp-json\/wp\/v2\/types\/page"}],"author":[{"embeddable":true,"href":"http:\/\/www.groupe1000picardie.fr\/wp-G1000\/wp-json\/wp\/v2\/users\/1"}],"replies":[{"embeddable":true,"href":"http:\/\/www.groupe1000picardie.fr\/wp-G1000\/wp-json\/wp\/v2\/comments?post=57"}],"version-history":[{"count":29,"href":"http:\/\/www.groupe1000picardie.fr\/wp-G1000\/wp-json\/wp\/v2\/pages\/57\/revisions"}],"predecessor-version":[{"id":983,"href":"http:\/\/www.groupe1000picardie.fr\/wp-G1000\/wp-json\/wp\/v2\/pages\/57\/revisions\/983"}],"wp:attachment":[{"href":"http:\/\/www.groupe1000picardie.fr\/wp-G1000\/wp-json\/wp\/v2\/media?parent=57"}],"curies":[{"name":"wp","href":"https:\/\/api.w.org\/{rel}","templated":true}]}}