{"id":222,"date":"2016-04-25T14:27:26","date_gmt":"2016-04-25T13:27:26","guid":{"rendered":"http:\/\/www.groupe1000picardie.fr\/wp-G1000\/?page_id=222"},"modified":"2017-02-24T10:52:35","modified_gmt":"2017-02-24T09:52:35","slug":"ouvrages-fonctionnels","status":"publish","type":"page","link":"http:\/\/www.groupe1000picardie.fr\/wp-G1000\/ouvrages-fonctionnels\/","title":{"rendered":"Ouvrages fonctionnels &#8211; Constructions"},"content":{"rendered":"<p style=\"text-align: center;\">Ouvrages fonctionnels &#8211; Constructions<\/p>\n\t\t\t<style>\r\n                #foogallery-gallery-371.fg-justified .fg-item {\r\n                    margin-right: 1px;\r\n                    margin-bottom: 1px;\r\n                }\r\n\r\n                #foogallery-gallery-371.fg-justified .fg-image {\r\n                    height: 150px;\r\n                }\r\n\t\t\t<\/style>\r\n\t\t\t<div class=\"foogallery foogallery-container foogallery-justified foogallery-lightbox-foobox fg-justified fg-light fg-loading-default fg-loaded-fade-in fg-hover-fade fg-ready\" id=\"foogallery-gallery-371\" data-foogallery=\"{&quot;item&quot;:{&quot;showCaptionTitle&quot;:true,&quot;showCaptionDescription&quot;:true},&quot;lazy&quot;:true,&quot;template&quot;:{&quot;rowHeight&quot;:150,&quot;maxRowHeight&quot;:300,&quot;margins&quot;:1,&quot;align&quot;:&quot;center&quot;,&quot;lastRow&quot;:&quot;smart&quot;}}\" >\r\n\t<div class=\"fg-item fg-type-image fg-idle\"><figure class=\"fg-item-inner\"><a href=\"http:\/\/www.groupe1000picardie.fr\/wp-G1000\/wp-content\/uploads\/2017\/02\/Const-OF-2006-Centre-de-messagerie-\u00e0-Amiens.jpg\" data-attachment-id=\"808\" data-type=\"image\" class=\"fg-thumb\"><span class=\"fg-image-wrap\"><img fetchpriority=\"high\" decoding=\"async\" height=\"300\" width=\"400\" class=\"skip-lazy fg-image\" data-src-fg=\"http:\/\/www.groupe1000picardie.fr\/wp-G1000\/wp-content\/uploads\/cache\/2017\/02\/Const-OF-2006-Centre-de-messagerie-\u00e0-Amiens\/3842553304.jpg\" src=\"data:image\/svg+xml,%3Csvg%20xmlns%3D%22http%3A%2F%2Fwww.w3.org%2F2000%2Fsvg%22%20width%3D%22400%22%20height%3D%22300%22%20viewBox%3D%220%200%20400%20300%22%3E%3C%2Fsvg%3E\" loading=\"eager\"><\/span><span class=\"fg-image-overlay\"><\/span><\/a><figcaption class=\"fg-caption\"><div class=\"fg-caption-inner\"><\/div><\/figcaption><\/figure><div class=\"fg-loader\"><\/div><\/div><div class=\"fg-item fg-type-image fg-idle\"><figure class=\"fg-item-inner\"><a href=\"http:\/\/www.groupe1000picardie.fr\/wp-G1000\/wp-content\/uploads\/2017\/02\/Const-OF-2007-Extension-de-la-section-IMPRO-\u00e0-Corbie.jpg\" data-attachment-id=\"809\" data-type=\"image\" class=\"fg-thumb\"><span class=\"fg-image-wrap\"><img decoding=\"async\" height=\"300\" width=\"400\" class=\"skip-lazy fg-image\" data-src-fg=\"http:\/\/www.groupe1000picardie.fr\/wp-G1000\/wp-content\/uploads\/cache\/2017\/02\/Const-OF-2007-Extension-de-la-section-IMPRO-\u00e0-Corbie\/490398086.jpg\" src=\"data:image\/svg+xml,%3Csvg%20xmlns%3D%22http%3A%2F%2Fwww.w3.org%2F2000%2Fsvg%22%20width%3D%22400%22%20height%3D%22300%22%20viewBox%3D%220%200%20400%20300%22%3E%3C%2Fsvg%3E\" loading=\"eager\"><\/span><span class=\"fg-image-overlay\"><\/span><\/a><figcaption class=\"fg-caption\"><div class=\"fg-caption-inner\"><\/div><\/figcaption><\/figure><div class=\"fg-loader\"><\/div><\/div><div class=\"fg-item fg-type-image fg-idle\"><figure class=\"fg-item-inner\"><a href=\"http:\/\/www.groupe1000picardie.fr\/wp-G1000\/wp-content\/uploads\/2017\/02\/Const-OF-2008-Caserne-de-gendarmerie-Poix-De-Picardie-1.jpg\" data-attachment-id=\"810\" data-type=\"image\" class=\"fg-thumb\"><span class=\"fg-image-wrap\"><img decoding=\"async\" height=\"300\" width=\"400\" class=\"skip-lazy fg-image\" data-src-fg=\"http:\/\/www.groupe1000picardie.fr\/wp-G1000\/wp-content\/uploads\/cache\/2017\/02\/Const-OF-2008-Caserne-de-gendarmerie-Poix-De-Picardie-1\/4016280106.jpg\" src=\"data:image\/svg+xml,%3Csvg%20xmlns%3D%22http%3A%2F%2Fwww.w3.org%2F2000%2Fsvg%22%20width%3D%22400%22%20height%3D%22300%22%20viewBox%3D%220%200%20400%20300%22%3E%3C%2Fsvg%3E\" loading=\"eager\"><\/span><span class=\"fg-image-overlay\"><\/span><\/a><figcaption class=\"fg-caption\"><div class=\"fg-caption-inner\"><\/div><\/figcaption><\/figure><div class=\"fg-loader\"><\/div><\/div><div class=\"fg-item fg-type-image fg-idle\"><figure class=\"fg-item-inner\"><a href=\"http:\/\/www.groupe1000picardie.fr\/wp-G1000\/wp-content\/uploads\/2017\/02\/Const-OF-2009-APAJH-\u00e0-Amiens-1.jpg\" data-attachment-id=\"811\" data-type=\"image\" class=\"fg-thumb\"><span class=\"fg-image-wrap\"><img decoding=\"async\" height=\"300\" width=\"400\" class=\"skip-lazy fg-image\" data-src-fg=\"http:\/\/www.groupe1000picardie.fr\/wp-G1000\/wp-content\/uploads\/cache\/2017\/02\/Const-OF-2009-APAJH-\u00e0-Amiens-1\/3864499759.jpg\" src=\"data:image\/svg+xml,%3Csvg%20xmlns%3D%22http%3A%2F%2Fwww.w3.org%2F2000%2Fsvg%22%20width%3D%22400%22%20height%3D%22300%22%20viewBox%3D%220%200%20400%20300%22%3E%3C%2Fsvg%3E\" loading=\"eager\"><\/span><span class=\"fg-image-overlay\"><\/span><\/a><figcaption class=\"fg-caption\"><div class=\"fg-caption-inner\"><\/div><\/figcaption><\/figure><div class=\"fg-loader\"><\/div><\/div><div class=\"fg-item fg-type-image fg-idle\"><figure class=\"fg-item-inner\"><a href=\"http:\/\/www.groupe1000picardie.fr\/wp-G1000\/wp-content\/uploads\/2017\/02\/Const-OF-2009-APAJH-\u00e1-Amiens-2.jpg\" data-attachment-id=\"812\" data-type=\"image\" class=\"fg-thumb\"><span class=\"fg-image-wrap\"><img decoding=\"async\" height=\"300\" width=\"400\" class=\"skip-lazy fg-image\" data-src-fg=\"http:\/\/www.groupe1000picardie.fr\/wp-G1000\/wp-content\/uploads\/cache\/2017\/02\/Const-OF-2009-APAJH-\u00e1-Amiens-2\/2430734573.jpg\" src=\"data:image\/svg+xml,%3Csvg%20xmlns%3D%22http%3A%2F%2Fwww.w3.org%2F2000%2Fsvg%22%20width%3D%22400%22%20height%3D%22300%22%20viewBox%3D%220%200%20400%20300%22%3E%3C%2Fsvg%3E\" loading=\"eager\"><\/span><span class=\"fg-image-overlay\"><\/span><\/a><figcaption class=\"fg-caption\"><div class=\"fg-caption-inner\"><\/div><\/figcaption><\/figure><div class=\"fg-loader\"><\/div><\/div><div class=\"fg-item fg-type-image fg-idle\"><figure class=\"fg-item-inner\"><a href=\"http:\/\/www.groupe1000picardie.fr\/wp-G1000\/wp-content\/uploads\/2017\/02\/Const-OF-2009-B\u00e2timent-industriel-\u00e0-Rivery.jpg\" data-attachment-id=\"813\" data-type=\"image\" class=\"fg-thumb\"><span class=\"fg-image-wrap\"><img decoding=\"async\" height=\"300\" width=\"400\" class=\"skip-lazy fg-image\" data-src-fg=\"http:\/\/www.groupe1000picardie.fr\/wp-G1000\/wp-content\/uploads\/cache\/2017\/02\/Const-OF-2009-B\u00e2timent-industriel-\u00e0-Rivery\/3880023813.jpg\" src=\"data:image\/svg+xml,%3Csvg%20xmlns%3D%22http%3A%2F%2Fwww.w3.org%2F2000%2Fsvg%22%20width%3D%22400%22%20height%3D%22300%22%20viewBox%3D%220%200%20400%20300%22%3E%3C%2Fsvg%3E\" loading=\"eager\"><\/span><span class=\"fg-image-overlay\"><\/span><\/a><figcaption class=\"fg-caption\"><div class=\"fg-caption-inner\"><\/div><\/figcaption><\/figure><div class=\"fg-loader\"><\/div><\/div><div class=\"fg-item fg-type-image fg-idle\"><figure class=\"fg-item-inner\"><a href=\"http:\/\/www.groupe1000picardie.fr\/wp-G1000\/wp-content\/uploads\/2017\/02\/Const-OF-2009-Cr\u00e9ation-de-3-gaines-dascenseur-Lyc\u00e9e-Boucher-de-Perthes-\u00e0-Abbeville.jpg\" data-attachment-id=\"814\" data-type=\"image\" class=\"fg-thumb\"><span class=\"fg-image-wrap\"><img decoding=\"async\" height=\"300\" width=\"225\" class=\"skip-lazy fg-image\" data-src-fg=\"http:\/\/www.groupe1000picardie.fr\/wp-G1000\/wp-content\/uploads\/cache\/2017\/02\/Const-OF-2009-Cr\u00e9ation-de-3-gaines-dascenseur-Lyc\u00e9e-Boucher-de-Perthes-\u00e0-Abbeville\/3438376088.jpg\" src=\"data:image\/svg+xml,%3Csvg%20xmlns%3D%22http%3A%2F%2Fwww.w3.org%2F2000%2Fsvg%22%20width%3D%22225%22%20height%3D%22300%22%20viewBox%3D%220%200%20225%20300%22%3E%3C%2Fsvg%3E\" loading=\"eager\"><\/span><span class=\"fg-image-overlay\"><\/span><\/a><figcaption class=\"fg-caption\"><div class=\"fg-caption-inner\"><\/div><\/figcaption><\/figure><div class=\"fg-loader\"><\/div><\/div><div class=\"fg-item fg-type-image fg-idle\"><figure class=\"fg-item-inner\"><a href=\"http:\/\/www.groupe1000picardie.fr\/wp-G1000\/wp-content\/uploads\/2017\/02\/Const-OF-2009-Institut-M\u00e9dico-Educatif-\u00e0-Abbeville.jpg\" data-attachment-id=\"815\" data-type=\"image\" class=\"fg-thumb\"><span class=\"fg-image-wrap\"><img decoding=\"async\" height=\"300\" width=\"400\" class=\"skip-lazy fg-image\" data-src-fg=\"http:\/\/www.groupe1000picardie.fr\/wp-G1000\/wp-content\/uploads\/cache\/2017\/02\/Const-OF-2009-Institut-M\u00e9dico-Educatif-\u00e0-Abbeville\/2701969080.jpg\" src=\"data:image\/svg+xml,%3Csvg%20xmlns%3D%22http%3A%2F%2Fwww.w3.org%2F2000%2Fsvg%22%20width%3D%22400%22%20height%3D%22300%22%20viewBox%3D%220%200%20400%20300%22%3E%3C%2Fsvg%3E\" loading=\"eager\"><\/span><span class=\"fg-image-overlay\"><\/span><\/a><figcaption class=\"fg-caption\"><div class=\"fg-caption-inner\"><\/div><\/figcaption><\/figure><div class=\"fg-loader\"><\/div><\/div><div class=\"fg-item fg-type-image fg-idle\"><figure class=\"fg-item-inner\"><a href=\"http:\/\/www.groupe1000picardie.fr\/wp-G1000\/wp-content\/uploads\/2017\/02\/Const-OF-2010-Cr\u00e9ation-dun-ascenseur-au-Palais-de-justice-\u00e1-Amiens.jpg\" data-attachment-id=\"816\" data-type=\"image\" class=\"fg-thumb\"><span class=\"fg-image-wrap\"><img decoding=\"async\" height=\"300\" width=\"225\" class=\"skip-lazy fg-image\" data-src-fg=\"http:\/\/www.groupe1000picardie.fr\/wp-G1000\/wp-content\/uploads\/cache\/2017\/02\/Const-OF-2010-Cr\u00e9ation-dun-ascenseur-au-Palais-de-justice-\u00e1-Amiens\/4050027090.jpg\" src=\"data:image\/svg+xml,%3Csvg%20xmlns%3D%22http%3A%2F%2Fwww.w3.org%2F2000%2Fsvg%22%20width%3D%22225%22%20height%3D%22300%22%20viewBox%3D%220%200%20225%20300%22%3E%3C%2Fsvg%3E\" loading=\"eager\"><\/span><span class=\"fg-image-overlay\"><\/span><\/a><figcaption class=\"fg-caption\"><div class=\"fg-caption-inner\"><\/div><\/figcaption><\/figure><div class=\"fg-loader\"><\/div><\/div><div class=\"fg-item fg-type-image fg-idle\"><figure class=\"fg-item-inner\"><a href=\"http:\/\/www.groupe1000picardie.fr\/wp-G1000\/wp-content\/uploads\/2017\/02\/Const-OF-2011-B\u00e2timent-de-bureaux-et-dentrep\u00f4t-\u00e0-Glisy.jpg\" data-attachment-id=\"817\" data-type=\"image\" class=\"fg-thumb\"><span class=\"fg-image-wrap\"><img decoding=\"async\" height=\"300\" width=\"400\" class=\"skip-lazy fg-image\" data-src-fg=\"http:\/\/www.groupe1000picardie.fr\/wp-G1000\/wp-content\/uploads\/cache\/2017\/02\/Const-OF-2011-B\u00e2timent-de-bureaux-et-dentrep\u00f4t-\u00e0-Glisy\/1085468595.jpg\" src=\"data:image\/svg+xml,%3Csvg%20xmlns%3D%22http%3A%2F%2Fwww.w3.org%2F2000%2Fsvg%22%20width%3D%22400%22%20height%3D%22300%22%20viewBox%3D%220%200%20400%20300%22%3E%3C%2Fsvg%3E\" loading=\"eager\"><\/span><span class=\"fg-image-overlay\"><\/span><\/a><figcaption class=\"fg-caption\"><div class=\"fg-caption-inner\"><\/div><\/figcaption><\/figure><div class=\"fg-loader\"><\/div><\/div><div class=\"fg-item fg-type-image fg-idle\"><figure class=\"fg-item-inner\"><a href=\"http:\/\/www.groupe1000picardie.fr\/wp-G1000\/wp-content\/uploads\/2017\/02\/Const-OF-2012-Centre-de-formation-et-dapplication-\u00e0-Boves-1.jpg\" data-attachment-id=\"818\" data-type=\"image\" class=\"fg-thumb\"><span class=\"fg-image-wrap\"><img decoding=\"async\" height=\"300\" width=\"400\" class=\"skip-lazy fg-image\" data-src-fg=\"http:\/\/www.groupe1000picardie.fr\/wp-G1000\/wp-content\/uploads\/cache\/2017\/02\/Const-OF-2012-Centre-de-formation-et-dapplication-\u00e0-Boves-1\/2995962671.jpg\" src=\"data:image\/svg+xml,%3Csvg%20xmlns%3D%22http%3A%2F%2Fwww.w3.org%2F2000%2Fsvg%22%20width%3D%22400%22%20height%3D%22300%22%20viewBox%3D%220%200%20400%20300%22%3E%3C%2Fsvg%3E\" loading=\"eager\"><\/span><span class=\"fg-image-overlay\"><\/span><\/a><figcaption class=\"fg-caption\"><div class=\"fg-caption-inner\"><\/div><\/figcaption><\/figure><div class=\"fg-loader\"><\/div><\/div><div class=\"fg-item fg-type-image fg-idle\"><figure class=\"fg-item-inner\"><a href=\"http:\/\/www.groupe1000picardie.fr\/wp-G1000\/wp-content\/uploads\/2017\/02\/Const-OF-2012-Centre-de-formation-et-dapplication-\u00e0-Boves-2.jpg\" data-attachment-id=\"819\" data-type=\"image\" class=\"fg-thumb\"><span class=\"fg-image-wrap\"><img decoding=\"async\" height=\"300\" width=\"400\" class=\"skip-lazy fg-image\" data-src-fg=\"http:\/\/www.groupe1000picardie.fr\/wp-G1000\/wp-content\/uploads\/cache\/2017\/02\/Const-OF-2012-Centre-de-formation-et-dapplication-\u00e0-Boves-2\/978521201.jpg\" src=\"data:image\/svg+xml,%3Csvg%20xmlns%3D%22http%3A%2F%2Fwww.w3.org%2F2000%2Fsvg%22%20width%3D%22400%22%20height%3D%22300%22%20viewBox%3D%220%200%20400%20300%22%3E%3C%2Fsvg%3E\" loading=\"eager\"><\/span><span class=\"fg-image-overlay\"><\/span><\/a><figcaption class=\"fg-caption\"><div class=\"fg-caption-inner\"><\/div><\/figcaption><\/figure><div class=\"fg-loader\"><\/div><\/div><div class=\"fg-item fg-type-image fg-idle\"><figure class=\"fg-item-inner\"><a href=\"http:\/\/www.groupe1000picardie.fr\/wp-G1000\/wp-content\/uploads\/2017\/02\/Const-OF-2012-Centre-Medcio-Psycho-Pedagogique-\u00e0-Roye-2.jpg\" data-attachment-id=\"820\" data-type=\"image\" class=\"fg-thumb\"><span class=\"fg-image-wrap\"><img decoding=\"async\" height=\"300\" width=\"400\" class=\"skip-lazy fg-image\" data-src-fg=\"http:\/\/www.groupe1000picardie.fr\/wp-G1000\/wp-content\/uploads\/cache\/2017\/02\/Const-OF-2012-Centre-Medcio-Psycho-Pedagogique-\u00e0-Roye-2\/2559800059.jpg\" src=\"data:image\/svg+xml,%3Csvg%20xmlns%3D%22http%3A%2F%2Fwww.w3.org%2F2000%2Fsvg%22%20width%3D%22400%22%20height%3D%22300%22%20viewBox%3D%220%200%20400%20300%22%3E%3C%2Fsvg%3E\" loading=\"eager\"><\/span><span class=\"fg-image-overlay\"><\/span><\/a><figcaption class=\"fg-caption\"><div class=\"fg-caption-inner\"><\/div><\/figcaption><\/figure><div class=\"fg-loader\"><\/div><\/div><div class=\"fg-item fg-type-image fg-idle\"><figure class=\"fg-item-inner\"><a href=\"http:\/\/www.groupe1000picardie.fr\/wp-G1000\/wp-content\/uploads\/2017\/02\/Const-OF-2012-Centre-Medico-Psycho-Pedagogique-\u00e0-Roye-1.jpg\" data-attachment-id=\"821\" data-type=\"image\" class=\"fg-thumb\"><span class=\"fg-image-wrap\"><img decoding=\"async\" height=\"300\" width=\"402\" class=\"skip-lazy fg-image\" data-src-fg=\"http:\/\/www.groupe1000picardie.fr\/wp-G1000\/wp-content\/uploads\/cache\/2017\/02\/Const-OF-2012-Centre-Medico-Psycho-Pedagogique-\u00e0-Roye-1\/2630093170.jpg\" src=\"data:image\/svg+xml,%3Csvg%20xmlns%3D%22http%3A%2F%2Fwww.w3.org%2F2000%2Fsvg%22%20width%3D%22402%22%20height%3D%22300%22%20viewBox%3D%220%200%20402%20300%22%3E%3C%2Fsvg%3E\" loading=\"eager\"><\/span><span class=\"fg-image-overlay\"><\/span><\/a><figcaption class=\"fg-caption\"><div class=\"fg-caption-inner\"><\/div><\/figcaption><\/figure><div class=\"fg-loader\"><\/div><\/div><div class=\"fg-item fg-type-image fg-idle\"><figure class=\"fg-item-inner\"><a href=\"http:\/\/www.groupe1000picardie.fr\/wp-G1000\/wp-content\/uploads\/2017\/02\/Const-OF-2013-Maison-de-quartier-\u00e0-Peronne-1.jpg\" data-attachment-id=\"822\" data-type=\"image\" class=\"fg-thumb\"><span class=\"fg-image-wrap\"><img decoding=\"async\" height=\"300\" width=\"400\" class=\"skip-lazy fg-image\" data-src-fg=\"http:\/\/www.groupe1000picardie.fr\/wp-G1000\/wp-content\/uploads\/cache\/2017\/02\/Const-OF-2013-Maison-de-quartier-\u00e0-Peronne-1\/2488005033.jpg\" src=\"data:image\/svg+xml,%3Csvg%20xmlns%3D%22http%3A%2F%2Fwww.w3.org%2F2000%2Fsvg%22%20width%3D%22400%22%20height%3D%22300%22%20viewBox%3D%220%200%20400%20300%22%3E%3C%2Fsvg%3E\" loading=\"eager\"><\/span><span class=\"fg-image-overlay\"><\/span><\/a><figcaption class=\"fg-caption\"><div class=\"fg-caption-inner\"><\/div><\/figcaption><\/figure><div class=\"fg-loader\"><\/div><\/div><div class=\"fg-item fg-type-image fg-idle\"><figure class=\"fg-item-inner\"><a href=\"http:\/\/www.groupe1000picardie.fr\/wp-G1000\/wp-content\/uploads\/2017\/02\/Const-OF-2013-Maison-de-quartier-\u00e0-P\u00e9ronne-2.jpg\" data-attachment-id=\"823\" data-type=\"image\" class=\"fg-thumb\"><span class=\"fg-image-wrap\"><img decoding=\"async\" height=\"300\" width=\"400\" class=\"skip-lazy fg-image\" data-src-fg=\"http:\/\/www.groupe1000picardie.fr\/wp-G1000\/wp-content\/uploads\/cache\/2017\/02\/Const-OF-2013-Maison-de-quartier-\u00e0-P\u00e9ronne-2\/414888280.jpg\" src=\"data:image\/svg+xml,%3Csvg%20xmlns%3D%22http%3A%2F%2Fwww.w3.org%2F2000%2Fsvg%22%20width%3D%22400%22%20height%3D%22300%22%20viewBox%3D%220%200%20400%20300%22%3E%3C%2Fsvg%3E\" loading=\"eager\"><\/span><span class=\"fg-image-overlay\"><\/span><\/a><figcaption class=\"fg-caption\"><div class=\"fg-caption-inner\"><\/div><\/figcaption><\/figure><div class=\"fg-loader\"><\/div><\/div><div class=\"fg-item fg-type-image fg-idle\"><figure class=\"fg-item-inner\"><a href=\"http:\/\/www.groupe1000picardie.fr\/wp-G1000\/wp-content\/uploads\/2017\/02\/Const-OF-2014-Regroupement-P\u00e9dagogique-concentr\u00e9-\u00e0-Le-Crotoy.jpg\" data-attachment-id=\"824\" data-type=\"image\" class=\"fg-thumb\"><span class=\"fg-image-wrap\"><img decoding=\"async\" height=\"300\" width=\"402\" class=\"skip-lazy fg-image\" data-src-fg=\"http:\/\/www.groupe1000picardie.fr\/wp-G1000\/wp-content\/uploads\/cache\/2017\/02\/Const-OF-2014-Regroupement-P\u00e9dagogique-concentr\u00e9-\u00e0-Le-Crotoy\/32367771.jpg\" src=\"data:image\/svg+xml,%3Csvg%20xmlns%3D%22http%3A%2F%2Fwww.w3.org%2F2000%2Fsvg%22%20width%3D%22402%22%20height%3D%22300%22%20viewBox%3D%220%200%20402%20300%22%3E%3C%2Fsvg%3E\" loading=\"eager\"><\/span><span class=\"fg-image-overlay\"><\/span><\/a><figcaption class=\"fg-caption\"><div class=\"fg-caption-inner\"><\/div><\/figcaption><\/figure><div class=\"fg-loader\"><\/div><\/div><div class=\"fg-item fg-type-image fg-idle\"><figure class=\"fg-item-inner\"><a href=\"http:\/\/www.groupe1000picardie.fr\/wp-G1000\/wp-content\/uploads\/2017\/02\/Const-OF-2015-B\u00e2timent-de-bureaux-et-dentrep\u00f4t-SCI-FLORIDA-\u00e0-Glisy.jpg\" data-attachment-id=\"825\" data-type=\"image\" class=\"fg-thumb\"><span class=\"fg-image-wrap\"><img decoding=\"async\" height=\"300\" width=\"402\" class=\"skip-lazy fg-image\" data-src-fg=\"http:\/\/www.groupe1000picardie.fr\/wp-G1000\/wp-content\/uploads\/cache\/2017\/02\/Const-OF-2015-B\u00e2timent-de-bureaux-et-dentrep\u00f4t-SCI-FLORIDA-\u00e0-Glisy\/3425425788.jpg\" src=\"data:image\/svg+xml,%3Csvg%20xmlns%3D%22http%3A%2F%2Fwww.w3.org%2F2000%2Fsvg%22%20width%3D%22402%22%20height%3D%22300%22%20viewBox%3D%220%200%20402%20300%22%3E%3C%2Fsvg%3E\" loading=\"eager\"><\/span><span class=\"fg-image-overlay\"><\/span><\/a><figcaption class=\"fg-caption\"><div class=\"fg-caption-inner\"><\/div><\/figcaption><\/figure><div class=\"fg-loader\"><\/div><\/div><div class=\"fg-item fg-type-image fg-idle\"><figure class=\"fg-item-inner\"><a href=\"http:\/\/www.groupe1000picardie.fr\/wp-G1000\/wp-content\/uploads\/2017\/02\/Const-OF-2015-Immeuble-de-bureaux-\u00e0-Boves-Siege-ADAPEI-80.jpg\" data-attachment-id=\"826\" data-type=\"image\" class=\"fg-thumb\"><span class=\"fg-image-wrap\"><img decoding=\"async\" height=\"300\" width=\"402\" class=\"skip-lazy fg-image\" data-src-fg=\"http:\/\/www.groupe1000picardie.fr\/wp-G1000\/wp-content\/uploads\/cache\/2017\/02\/Const-OF-2015-Immeuble-de-bureaux-\u00e0-Boves-Siege-ADAPEI-80\/2240769617.jpg\" src=\"data:image\/svg+xml,%3Csvg%20xmlns%3D%22http%3A%2F%2Fwww.w3.org%2F2000%2Fsvg%22%20width%3D%22402%22%20height%3D%22300%22%20viewBox%3D%220%200%20402%20300%22%3E%3C%2Fsvg%3E\" loading=\"eager\"><\/span><span class=\"fg-image-overlay\"><\/span><\/a><figcaption class=\"fg-caption\"><div class=\"fg-caption-inner\"><\/div><\/figcaption><\/figure><div class=\"fg-loader\"><\/div><\/div><div class=\"fg-item fg-type-image fg-idle\"><figure class=\"fg-item-inner\"><a href=\"http:\/\/www.groupe1000picardie.fr\/wp-G1000\/wp-content\/uploads\/2017\/02\/Const-OF-2015-Immeuble-de-bureaux-a-Boves-Siege-SOINS-SERVICE.jpg\" data-attachment-id=\"827\" data-type=\"image\" class=\"fg-thumb\"><span class=\"fg-image-wrap\"><img decoding=\"async\" height=\"300\" width=\"402\" class=\"skip-lazy fg-image\" data-src-fg=\"http:\/\/www.groupe1000picardie.fr\/wp-G1000\/wp-content\/uploads\/cache\/2017\/02\/Const-OF-2015-Immeuble-de-bureaux-a-Boves-Siege-SOINS-SERVICE\/3702879972.jpg\" src=\"data:image\/svg+xml,%3Csvg%20xmlns%3D%22http%3A%2F%2Fwww.w3.org%2F2000%2Fsvg%22%20width%3D%22402%22%20height%3D%22300%22%20viewBox%3D%220%200%20402%20300%22%3E%3C%2Fsvg%3E\" loading=\"eager\"><\/span><span class=\"fg-image-overlay\"><\/span><\/a><figcaption class=\"fg-caption\"><div class=\"fg-caption-inner\"><\/div><\/figcaption><\/figure><div class=\"fg-loader\"><\/div><\/div><div class=\"fg-item fg-type-image fg-idle\"><figure class=\"fg-item-inner\"><a href=\"http:\/\/www.groupe1000picardie.fr\/wp-G1000\/wp-content\/uploads\/2017\/02\/Construction-de-bureaux-avec-plateforme-dappui-aux-activit\u00e9s-\u00e0-Boves.jpg\" data-caption-title=\"Construction de bureaux avec plateforme d&#039;appui aux activit\u00e9s \u00e0 Boves\" data-attachment-id=\"946\" data-type=\"image\" class=\"fg-thumb\"><span class=\"fg-image-wrap\"><img decoding=\"async\" title=\"Construction de bureaux avec plateforme d&#039;appui aux activit\u00e9s \u00e0 Boves\" height=\"300\" width=\"400\" class=\"skip-lazy fg-image\" data-src-fg=\"http:\/\/www.groupe1000picardie.fr\/wp-G1000\/wp-content\/uploads\/cache\/2017\/02\/Construction-de-bureaux-avec-plateforme-dappui-aux-activit\u00e9s-\u00e0-Boves\/424364867.jpg\" src=\"data:image\/svg+xml,%3Csvg%20xmlns%3D%22http%3A%2F%2Fwww.w3.org%2F2000%2Fsvg%22%20width%3D%22400%22%20height%3D%22300%22%20viewBox%3D%220%200%20400%20300%22%3E%3C%2Fsvg%3E\" loading=\"eager\"><\/span><span class=\"fg-image-overlay\"><\/span><\/a><figcaption class=\"fg-caption\"><div class=\"fg-caption-inner\"><div class=\"fg-caption-title\">Construction de bureaux avec plateforme d'appui aux activit\u00e9s \u00e0 Boves<\/div><\/div><\/figcaption><\/figure><div class=\"fg-loader\"><\/div><\/div><\/div>\r\n\n","protected":false},"excerpt":{"rendered":"<p>Ouvrages fonctionnels &#8211; Constructions<\/p>\n","protected":false},"author":1,"featured_media":0,"parent":0,"menu_order":0,"comment_status":"closed","ping_status":"closed","template":"","meta":{"footnotes":""},"class_list":["post-222","page","type-page","status-publish","hentry"],"_links":{"self":[{"href":"http:\/\/www.groupe1000picardie.fr\/wp-G1000\/wp-json\/wp\/v2\/pages\/222","targetHints":{"allow":["GET"]}}],"collection":[{"href":"http:\/\/www.groupe1000picardie.fr\/wp-G1000\/wp-json\/wp\/v2\/pages"}],"about":[{"href":"http:\/\/www.groupe1000picardie.fr\/wp-G1000\/wp-json\/wp\/v2\/types\/page"}],"author":[{"embeddable":true,"href":"http:\/\/www.groupe1000picardie.fr\/wp-G1000\/wp-json\/wp\/v2\/users\/1"}],"replies":[{"embeddable":true,"href":"http:\/\/www.groupe1000picardie.fr\/wp-G1000\/wp-json\/wp\/v2\/comments?post=222"}],"version-history":[{"count":9,"href":"http:\/\/www.groupe1000picardie.fr\/wp-G1000\/wp-json\/wp\/v2\/pages\/222\/revisions"}],"predecessor-version":[{"id":381,"href":"http:\/\/www.groupe1000picardie.fr\/wp-G1000\/wp-json\/wp\/v2\/pages\/222\/revisions\/381"}],"wp:attachment":[{"href":"http:\/\/www.groupe1000picardie.fr\/wp-G1000\/wp-json\/wp\/v2\/media?parent=222"}],"curies":[{"name":"wp","href":"https:\/\/api.w.org\/{rel}","templated":true}]}}