{"id":2,"date":"2015-08-16T12:12:39","date_gmt":"2015-08-16T11:12:39","guid":{"rendered":"http:\/\/www.groupe1000picardie.fr\/wp-G1000\/?page_id=2"},"modified":"2022-08-23T16:04:47","modified_gmt":"2022-08-23T15:04:47","slug":"presentation","status":"publish","type":"page","link":"http:\/\/www.groupe1000picardie.fr\/wp-G1000\/presentation\/","title":{"rendered":"Historique"},"content":{"rendered":"<p><center style=\"padding-left: 30px;\"><strong><img loading=\"lazy\" decoding=\"async\" class=\"alignright\" src=\"http:\/\/www.groupe1000picardie.fr\/wp-G1000\/wp-content\/uploads\/2017\/07\/pola_g1000.jpg\" alt=\"\" width=\"315\" height=\"197\" \/><\/strong><\/center><strong>GROUPE 1000 PICARDIE<\/strong><br \/>\n<em>St\u00e9 Anonyme \u00e0 Conseil d&rsquo;Administration<\/em><br \/>\n<em> Au capital de 170 800 \u20ac<\/em><br \/>\n<em> RCS 408 706 026 Amiens<\/em>Village Oasis &#8211; 80480 Dury &#8211; 03 22 53 23 33<\/p>\n<p>A l&rsquo;image, et avec l&rsquo;accord de leurs a\u00een\u00e9s, GROUPE 1000 FRANCHE COMTE et GROUPE 1000 NORMANDIE, 25 P.M.E. se sont unies pour aller au devant du march\u00e9 et ont officiellement r\u00e9uni leurs forces le 2 ao\u00fbt 1996, au sein d&rsquo;une soci\u00e9t\u00e9 anonyme appel\u00e9e<b> GROUPE 1000 PICARDIE<\/b>. (\u00ab\u00a01000\u00a0\u00bb repr\u00e9sentant un millier d&#8217;emplois environ).<\/p>\n<p>D\u00e9cid\u00e9s \u00e0 ne plus subir le march\u00e9, mais au contraire, \u00e0 aller au devant de lui, les 25 professionnels fondent leurs espoirs en ce groupe.<\/p>\n<p>Face \u00e0 la concurrence nationale, il fallait recentrer l&rsquo;action du mouvement et les forces vives d&rsquo;une mani\u00e8re plus efficace. Beaucoup trop de march\u00e9s \u00e9chappent en effet aux P.M.E.<\/p>\n<p>Aujourd&rsquo;hui, <b>GROUPE 1000 PICARDIE<\/b>, c&rsquo;est 27 entreprises r\u00e9gionales ayant pour Pr\u00e9sident Mr Eric SALOMON et Directeur Mr Antonio FARRICA.<\/p>\n<p><b>GROUPE 1000 PICARDIE<\/b> forme un lieu privil\u00e9gi\u00e9 pour les professionnels o\u00f9 l&rsquo;exp\u00e9rimentation et l&rsquo;innovation peuvent construire une autre strat\u00e9gie et cr\u00e9er un esprit nouveau.<\/p>\n","protected":false},"excerpt":{"rendered":"<p>GROUPE 1000 PICARDIE St\u00e9 Anonyme \u00e0 Conseil d&rsquo;Administration Au capital de 170 800 \u20ac RCS 408 706 026 AmiensVillage Oasis &#8211; 80480 Dury &#8211; 03 22 53 23 33 A l&rsquo;image, et avec l&rsquo;accord de leurs a\u00een\u00e9s, GROUPE 1000 FRANCHE COMTE et GROUPE 1000 NORMANDIE, 25 P.M.E. se sont unies \u2026 <a class=\"continue-reading-link\" href=\"http:\/\/www.groupe1000picardie.fr\/wp-G1000\/presentation\/\"> Continue reading <span class=\"meta-nav\">&rarr; <\/span><\/a><\/p>\n","protected":false},"author":1,"featured_media":0,"parent":0,"menu_order":0,"comment_status":"closed","ping_status":"closed","template":"","meta":{"footnotes":""},"class_list":["post-2","page","type-page","status-publish","hentry"],"_links":{"self":[{"href":"http:\/\/www.groupe1000picardie.fr\/wp-G1000\/wp-json\/wp\/v2\/pages\/2","targetHints":{"allow":["GET"]}}],"collection":[{"href":"http:\/\/www.groupe1000picardie.fr\/wp-G1000\/wp-json\/wp\/v2\/pages"}],"about":[{"href":"http:\/\/www.groupe1000picardie.fr\/wp-G1000\/wp-json\/wp\/v2\/types\/page"}],"author":[{"embeddable":true,"href":"http:\/\/www.groupe1000picardie.fr\/wp-G1000\/wp-json\/wp\/v2\/users\/1"}],"replies":[{"embeddable":true,"href":"http:\/\/www.groupe1000picardie.fr\/wp-G1000\/wp-json\/wp\/v2\/comments?post=2"}],"version-history":[{"count":31,"href":"http:\/\/www.groupe1000picardie.fr\/wp-G1000\/wp-json\/wp\/v2\/pages\/2\/revisions"}],"predecessor-version":[{"id":979,"href":"http:\/\/www.groupe1000picardie.fr\/wp-G1000\/wp-json\/wp\/v2\/pages\/2\/revisions\/979"}],"wp:attachment":[{"href":"http:\/\/www.groupe1000picardie.fr\/wp-G1000\/wp-json\/wp\/v2\/media?parent=2"}],"curies":[{"name":"wp","href":"https:\/\/api.w.org\/{rel}","templated":true}]}}