{"id":194,"date":"2016-04-25T13:47:04","date_gmt":"2016-04-25T12:47:04","guid":{"rendered":"http:\/\/www.groupe1000picardie.fr\/wp-G1000\/?page_id=194"},"modified":"2024-05-06T14:51:11","modified_gmt":"2024-05-06T13:51:11","slug":"personnel","status":"publish","type":"page","link":"http:\/\/www.groupe1000picardie.fr\/wp-G1000\/personnel\/","title":{"rendered":"Personnel"},"content":{"rendered":"<p><strong>Pr\u00e9sident :<\/strong><br \/>\nJ\u00e9r\u00f4me WOZNIAK<\/p>\n<p><strong> Directeur :<\/strong><br \/>\nAntonio FARRICA<\/p>\n<p><strong>Assistante :<\/strong><br \/>\nMartine HORION<\/p>\n<p><strong>Etude\u00a0:<\/strong><br \/>\nOlivier BERGER<\/p>\n<p><strong>Conducteurs de travaux :<\/strong><br \/>\nOlivier BEN\u00c7AK<\/p>\n<p><strong>Ex\u00e9cution :<\/strong><br \/>\nLes hommes des 27 PME actionnaires et des partenaires (environ 1000 emplois locaux)<\/p>\n","protected":false},"excerpt":{"rendered":"<p>Pr\u00e9sident : J\u00e9r\u00f4me WOZNIAK Directeur : Antonio FARRICA Assistante : Martine HORION Etude\u00a0: Olivier BERGER Conducteurs de travaux : Olivier BEN\u00c7AK Ex\u00e9cution : Les hommes des 27 PME actionnaires et des partenaires (environ 1000 emplois locaux)<\/p>\n","protected":false},"author":1,"featured_media":0,"parent":0,"menu_order":0,"comment_status":"closed","ping_status":"closed","template":"","meta":{"footnotes":""},"class_list":["post-194","page","type-page","status-publish","hentry"],"_links":{"self":[{"href":"http:\/\/www.groupe1000picardie.fr\/wp-G1000\/wp-json\/wp\/v2\/pages\/194","targetHints":{"allow":["GET"]}}],"collection":[{"href":"http:\/\/www.groupe1000picardie.fr\/wp-G1000\/wp-json\/wp\/v2\/pages"}],"about":[{"href":"http:\/\/www.groupe1000picardie.fr\/wp-G1000\/wp-json\/wp\/v2\/types\/page"}],"author":[{"embeddable":true,"href":"http:\/\/www.groupe1000picardie.fr\/wp-G1000\/wp-json\/wp\/v2\/users\/1"}],"replies":[{"embeddable":true,"href":"http:\/\/www.groupe1000picardie.fr\/wp-G1000\/wp-json\/wp\/v2\/comments?post=194"}],"version-history":[{"count":12,"href":"http:\/\/www.groupe1000picardie.fr\/wp-G1000\/wp-json\/wp\/v2\/pages\/194\/revisions"}],"predecessor-version":[{"id":986,"href":"http:\/\/www.groupe1000picardie.fr\/wp-G1000\/wp-json\/wp\/v2\/pages\/194\/revisions\/986"}],"wp:attachment":[{"href":"http:\/\/www.groupe1000picardie.fr\/wp-G1000\/wp-json\/wp\/v2\/media?parent=194"}],"curies":[{"name":"wp","href":"https:\/\/api.w.org\/{rel}","templated":true}]}}